{"id":105,"date":"2020-12-07T16:22:16","date_gmt":"2020-12-07T14:22:16","guid":{"rendered":"http:\/\/www.eevahujala.fi\/?page_id=105"},"modified":"2020-12-07T16:48:34","modified_gmt":"2020-12-07T14:48:34","slug":"education","status":"publish","type":"page","link":"https:\/\/www.eevahujala.fi\/?page_id=105","title":{"rendered":"Education"},"content":{"rendered":"\n<p>University of Jyv\u00e4skyl\u00e4: B.A. (1971); Psychology<br>University of Jyv\u00e4skyl\u00e4: Examination in School Administration (1974)<br>University of Jyv\u00e4skyl\u00e4: Examination in Family Therapy (1975)<br>University of Jyv\u00e4skyl\u00e4: M.A. (1975); Developmental Psychology and Education<br>University of Jyv\u00e4skyl\u00e4: Examination in Special Education (1976)<br>University of Joensuu: Licentiate of Philosophy (1980); Education\/Early Childhood Education<br>University of Joensuu: Doctor of Philosophy (1984); Education\/Early Childhood Education<br>University of Virginia: Educational Leadership and Policy Studies; Advanced Theory of Supervision and Instruction (1991)<br>University of Oulu: Leadership and Management training (2004)<br>University of Tampere: Academic Leadership \u2013program (2007-08)<\/p>\n","protected":false},"excerpt":{"rendered":"<p>University of Jyv\u00e4skyl\u00e4: B.A. (1971); PsychologyUniversity of Jyv\u00e4skyl\u00e4: Examination in School Administration (1974)University of Jyv\u00e4skyl\u00e4: Examination in Family Therapy (1975)University of Jyv\u00e4skyl\u00e4: M.A. (1975); Developmental Psychology and EducationUniversity of Jyv\u00e4skyl\u00e4: Examination in Special Education (1976)University of Joensuu: Licentiate of Philosophy (1980); Education\/Early Childhood EducationUniversity of Joensuu: Doctor of Philosophy (1984); Education\/Early Childhood EducationUniversity of Virginia: &hellip; <\/p>\n<p class=\"link-more\"><a href=\"https:\/\/www.eevahujala.fi\/?page_id=105\" class=\"more-link\">Jatka lukemista<span class=\"screen-reader-text\"> &#8221;Education&#8221;<\/span><\/a><\/p>\n","protected":false},"author":1,"featured_media":0,"parent":0,"menu_order":0,"comment_status":"closed","ping_status":"closed","template":"","meta":{"footnotes":""},"class_list":["post-105","page","type-page","status-publish","hentry"],"_links":{"self":[{"href":"https:\/\/www.eevahujala.fi\/index.php?rest_route=\/wp\/v2\/pages\/105","targetHints":{"allow":["GET"]}}],"collection":[{"href":"https:\/\/www.eevahujala.fi\/index.php?rest_route=\/wp\/v2\/pages"}],"about":[{"href":"https:\/\/www.eevahujala.fi\/index.php?rest_route=\/wp\/v2\/types\/page"}],"author":[{"embeddable":true,"href":"https:\/\/www.eevahujala.fi\/index.php?rest_route=\/wp\/v2\/users\/1"}],"replies":[{"embeddable":true,"href":"https:\/\/www.eevahujala.fi\/index.php?rest_route=%2Fwp%2Fv2%2Fcomments&post=105"}],"version-history":[{"count":1,"href":"https:\/\/www.eevahujala.fi\/index.php?rest_route=\/wp\/v2\/pages\/105\/revisions"}],"predecessor-version":[{"id":106,"href":"https:\/\/www.eevahujala.fi\/index.php?rest_route=\/wp\/v2\/pages\/105\/revisions\/106"}],"wp:attachment":[{"href":"https:\/\/www.eevahujala.fi\/index.php?rest_route=%2Fwp%2Fv2%2Fmedia&parent=105"}],"curies":[{"name":"wp","href":"https:\/\/api.w.org\/{rel}","templated":true}]}}