{"id":111,"date":"2020-12-07T16:30:17","date_gmt":"2020-12-07T14:30:17","guid":{"rendered":"http:\/\/www.eevahujala.fi\/?page_id=111"},"modified":"2020-12-07T16:48:52","modified_gmt":"2020-12-07T14:48:52","slug":"publications","status":"publish","type":"page","link":"https:\/\/www.eevahujala.fi\/?page_id=111","title":{"rendered":"Publications"},"content":{"rendered":"\n<p><a rel=\"noreferrer noopener\" href=\"http:\/\/www.eevahujala.fi\/wp-content\/uploads\/2020\/12\/Eeva_Hujala_PUBLICATIONS.pdf\" target=\"_blank\">Download complete list of publications (1997-2013) in pdf-format here<\/a><\/p>\n\n\n\n<p><strong>Downloadable articles<\/strong><\/p>\n\n\n\n<p>Hujala, E. 2013. Contextually Defined Leadership. In E. Hujala, M. Waniganayake &amp; J. Rodd (Eds.) Researching Leadership in Early Childhood Education, 47-60.<\/p>\n\n\n\n<p>Hujala, E. &amp; Eskelinen, M. 2013. Leadership Tasks in Early Childhood Education. In E. Hujala, M. Waniganayake &amp; J. Rodd (Eds.) Researching Leadership in Early Childhood Education, 213-234.<\/p>\n\n\n\n<p>Hujala, E., Fons\u00e9n, E. &amp; Elo, J. 2012. Evaluating the quality of the child care in Finland. Early Child Development and Care 182(3-4), 299-314.<\/p>\n\n\n\n<p>Hujala, E. 2004. Dimensions of Leadership in the Childcare Context. Scandinavian Journal of Educational Research 48(1), 53-71.<\/p>\n\n\n\n<p><strong>List of publications<\/strong><\/p>\n\n\n\n<p>2015<br>Peterson, T., Veisson, M., Hujala, E., H\u00e4rk\u00f6nen, U., Sandberg, A., Johansson, I. &amp; Kovacsne Bakosi, E. Professionalism of preschoold teachers in Estonia, Finland, Sweden and Hungary. Will be published in EECERJ 24(3).<\/p>\n\n\n\n<p>2014<br>Hujala, E. &amp; Eskelinen, M. Parceria pais-educadores na educac\u00e2o de inf\u00e2ncia da Finl\u00e2ndia. Cadernos de Educacio de Infancia, 104, 14, 29-31.<br>Peterson, T., Veisson, M., Hujala, E., Sandberg, A. &amp; Johansson, I. The Influence of Leadership on the Professionalism of Preschool Teachers in Estonia, Sweden and Finland. In A. Liimets &amp; M. Veisson (eds.) Teachers and Youth in Educational Reality. Germany: Peter Lang, 119-141.<br>Hujala, E., Turja, L., Elo, J. &amp; Roos, P. (Eds.) Varhaiskasvatuksen k\u00e4sikirjan ty\u00f6kirja. Jyv\u00e4skyl\u00e4: Ps-kustannus.<br>Heikka, J., Hujala, E., Turja, L. &amp; Fons\u00e9n, E. Lapsikohtainen havainnointi ja arviointi varhaispedagogiikassa. In E. Hujala, L. Turja, J. Elo &amp; P. Roos (eds.) Varhaiskasvatuksen k\u00e4sikirjan ty\u00f6kirja. Jyv\u00e4skyl\u00e4: PS-kustannus, 35-40.<br>Hujala, E., Heikka, J. &amp; Halttunen, L. Johtajuus varhaiskasvatuksessa. In E. Hujala, L. Turja, J. Elo &amp; P. Roos (eds.) Varhaiskasvatuksen k\u00e4sikirjan ty\u00f6kirja. Jyv\u00e4skyl\u00e4: PS-kustannus, 133-138.<br>Hujala, E. &amp; Fons\u00e9n, E. Varhaiskasvatuksen laadunarviointi ja pedagoginen kehitt\u00e4minen. In E. Hujala, L. Turja, J. Elo &amp; P. Roos (eds.) Varhaiskasvatuksen k\u00e4sikirjan ty\u00f6kirja. Jyv\u00e4skyl\u00e4: PS-kustannus, 145-150.<br>Hujala, E. Lapsen \u00e4\u00e4nen priimusmoottori, Leena Turja. In J. Heikka, E. Fons\u008fn, J. Elo &amp; J. Leinonen (eds.) Osallisuuden pedagogiikkaa varhaiskasvatuksessa. Tampere: Suomen Varhaiskasvatus ry, 8-11.<\/p>\n\n\n\n<p>2013<br>Hujala, E., Fons\u00e9n, E. &amp; Elo, J. Evaluating the quality of the child care in Finland. In K. M\u00e4\u00e4tt\u00e4 &amp; S. Uusiautti (eds.) Early Child Care and Education in Finland. London: Routledge, 9-24.<br>Hujala, E. &amp; Fonsen, E. Vahva ja selke\u00e4 johtajuus &#8211; laadukas varhaiskasvatus- Teoksessa R. Semi (toim.) Lastentarhanopettajan kalenteri, Jyv\u00e4skyl\u00e4: PS-Kustannus, 206-207.<br>Heikka, J., Waniganayake, M. &amp; Hujala, E. Contextualizing Distributed Leadership within Early Childhood Education: Current Understandings, Research Evidence and Future Challenges. Educational Management, Administration &amp; Leadership, 41 (1), 30-43.<br>Hujala, E. &amp; Eskelinen, M. La partnership tra genitori e educatori nei servizi per I&#8217;infanzia in Finlandia. Bambini in Europa, 1\/2113 (24), 10-11.<br>Heikka, J. &amp; Hujala, E. Early Childhood Leadership through the Lens of Distributed Leadership. European Early Childhood Education Research Journal. (will be published in December 2013)<br>Hujala, E. &amp; Eskelinen, M. Le partenariat parents-enseignants dans l&#8217;accueil de l&#8217;enfance en Finlande. Enfants d&#8217;Europe, 24, 10-11.<br>Hujala, E. &amp; Eskelinen, M. Colaboraci\u00f3 entre pares i mestres en l&#8217;educaci\u00f3 infantil a Finl\u00e0ndia. Inf\u00e0ncia a Europa, 24, 12-13.<br>Hujala, E. &amp; Eskelinen, M. Collaboraci\u00f3n entre padres y maestros en la educaci\u00f3n infantil en Finlandia. Infancia en Europa, 24, 12-13.<br>Hujala, E. &amp; Eskelinen, M. A parceria pais-educadores na Finl\u00e2ndia. Inf\u00e2ncia na Europa, 24, 12-13.<br>Hujala, E., Waniganayake, M. &amp; Rodd, J. (Eds.) 2013. Researching Leadership in Early Childhood Education. Tampere: Tampere University Press.<br>Hujala, E., Waniganayake, M. &amp; Rodd, J. 2013. Cross-National Contexts of Early Childhood Leadership. In E. Hujala, M. Waniganayake &amp; J. Rodd (Eds.) Researching Leadership in Early Childhood Education. Tampere: Tampere University Press, 13-30.<br>Hujala, E. 2013. Contextually Defined Leadership. In E. Hujala, M. Waniganayake &amp; J. Rodd (Eds.) Researching Leadership in Early Childhood Education. Tampere: Tampere University Press, 47-60.<br>Hujala, E. &amp; Eskelinen, M. 2013. Leadership Tasks in Early Childhood Education. In E. Hujala, M. Waniganayake &amp; J. Rodd (Eds.) Researching Leadership in Early Childhood Education. Tampere: Tampere University Press, 221-242.<\/p>\n\n\n\n<p>2012<br>Heikka, J. &amp; Hujala, E. Distribution of Leadership among ECE Leaders and Members of Municipal Committees in Finland. International Journal of Early Childhood Education and Care, 1, 15-30.<br>Hujala, E. Excellence in Finnish Early Education. In the publication edited by The Korean Society for early Childhood Education Establishing the Future Research Agenda for Quality Early Childhood Education, 83-104. Seoul, Korea.<br>Hujala, E., Backlund-Smulter, T., Koivisto, P., Parkkinen, H., Sarakorpi, H., Suortti, O., Niemel\u00e4, T., Kuronen, I., Knupp-Manninen, G., Smeds-Nylund, A-S., Hietala, R. &amp; Korkeakoski, E. Esiopetuksen laatu. Jyv\u00e4skyl\u00e4: Koulutuksen arviointineuvosto.<br>Hujala, E. Esiopetuksen laatu &#8211; arviointituloksia. Lastentarha, 4, 18-21<br>Hujala, E., Fonsen, E. &amp; Elo, J. Evaluating the Quality of the Child Care in Finland. Early Child Development and Care, Vol. 182 (3-4), 299-314.<br>Hujala, E., Heikka, J. &amp; Fons\u00e9n, E. Tutkimuksellinen kehitt\u00e4mistoiminta johtamisen ty\u00f6kaluna. Teoksessa J. Lehto, A. Anttonen, A. Haveri &amp; H. Palukka &amp; (toim.) Julkisen ja yksityisen rajalla. Julkisen palvelun muutos. Tampere: Tampere University Press, 335-357.<br>Hujala, E. Hallinnoinnista pedagogiseen johtajuuteen. In R. Semi (Ed.) Lastentarhanopettajan kalenteri 2012-2013. Jyv\u00e4skyl\u00e4: PS-kustannus, 199-202.<\/p>\n\n\n\n<p>2011<br>Heikka J., Hujala E., Turja L., Fons\u00e9n E. Lapsikohtainen havainnointi ja arviointi varhaispedagogiikassa. Teoksessa E. Hujala &amp; L. Turja (toim.) Varhaiskasvatuksen k\u00e4sikirja. Jyv\u00e4skyl\u00e4: PS-kustannus, 54-66.<br>Hujala E., Fons\u00e9n E.. (2011). Varhaiskasvatuksen laadunarviointi ja pedagoginen kehitt\u00e4minen. Teoksessa E. Hujala &amp; L. Turja (toim.) Varhaiskasvatuksen k\u00e4sikirja. Jyv\u00e4skyl\u00e4: PS-kustannus, 312-327.<br>Veisson, M., Hujala, E., Smith, P., Waniganayake, M. &amp; Kikas, E. (eds,) Global Perspectives in Early Childhood Education &#8211; Diversity, Challenges and Possibilities. Peter Lang, Frankfurt am Main.<br>Hujala, E &amp; Niikko, A. The Science of Early Childhood Education &#8211; Core Ideas. In M. Veisson, E. Hujala, P. Smith, M. Waniganayake &amp; E. Kikas (eds,) Global Perspectives in Early Childhood Education &#8211; Diversity, Challenges and Possibilities. Peter Lang, Frankfurt am Main. p, 21-31.<br>Hujala, E, Karikoski, H &amp; Turunen, T. Esiopetussuunnitelman toimivuudesta esiopetuksen ohjauksessa. Teoksessa E. Korkeakoski &amp; T. (toim.) Esi- ja perusopetuksen opetussuunnitelmaj\u00e4rjestelm\u00e4n toimivuus. Koulutuksen arviointineuvoston julkaisuja 53, s.11-21.<br>Hujala, E. &amp; Turja, L. Varhaiskasvatuksen k\u00e4sikirja. Jyv\u00e4skyl\u00e4: PS-Kustannus.<br>Hujala, E. Anne Sorariutalle ensimm\u00e4inen Varhaiskasvatuksen Hyv\u00e4n Gradun palkinto. Lastentarha 4,45.<br>Hujala, E., Heikka, J. &amp; Halttunen, L. Johtajuus varhaiskasvatuksessa. Teoksessa E. Hujala &amp; L. Turja (toim.) Varhaiskasvatuksen k\u00e4sikirja. Jyv\u00e4skyl\u00e4: PS-Kustannus, s.287-299.<\/p>\n\n\n\n<p>2010<br>Hujala, E. &amp; Fonsen, E. Styrkor och Utvecklingsomr\u00e5den i kvaliteten inom barnpedagogiken. Lastentarha, 2, 48-5.<br>Hujala, E. &amp; Fons\u00e9n, E. Ty\u00f6yhteis\u00f6n pedagoginen kehitt\u00e4minen ty\u00f6hyvinvoinnin perustana p\u00e4iv\u00e4hoidossa -projektin loppuraportti. Tampereen yliopisto, Opettajankoulutuslaitos, arhaiskasvatuksen yksikk\u00f6. http:\/\/www.tsr.fi\/c\/document_library\/get_file?folderId=13109&amp;name=DLFE-2611.pdf<br>Hujala, E., Helenius, A. &amp; Hyv\u00f6nen, P. Play for Learning and Transition to School. In E. Ebbeck &amp; M. Waniganayake (Eds.). Play in Early Childhood Education &#8211; Learning in Diverse Contexts. Oxford: University Press, 89-102.<br>Veisson, M., Einarsdottir, J., Gardarsdottir, B., Gaspar, F., Hujala, E. &amp; Suur, S. A Cross-cultural Qualitative Study on Parent-Teacher Partnership in Child Care in Estonia, Finland, Iceland and Portugal. In J. Mikk, M. Veisson &amp; P. Luik (eds.) Teacher&#8217;s personality and Professionalism. Peter Lang, Frankfurt am Main, p. 30-52.<br>Hujala, E. Pedagoginen osaaminen varhaiskasvatuksen menestystekij\u00e4n\u00e4. In R. Semi (Ed.) Lastentarhanopettajan kalenteri 2010-2011. Jyv\u00e4skyl\u00e4: PS-kustannus, 194-197.<br>Hujala, E. Success Story of Early Childhood Education. Conference proceedings, Seoul, South Korea.<br>Hujala, E. &amp; Fonsen, E. Varhaiskasvatuksen laadun vahvuudet ja kehitt\u00e4miskohteet. Lastentarha 2, 8-11,<\/p>\n\n\n\n<p><a rel=\"noreferrer noopener\" href=\"http:\/\/www.eevahujala.fi\/wp-content\/uploads\/2020\/12\/Eeva_Hujala_PUBLICATIONS.pdf\" target=\"_blank\">Download complete list of publications (1997-2013) in pdf-format here<\/a><\/p>\n","protected":false},"excerpt":{"rendered":"<p>Download complete list of publications (1997-2013) in pdf-format here Downloadable articles Hujala, E. 2013. Contextually Defined Leadership. In E. Hujala, M. Waniganayake &amp; J. Rodd (Eds.) Researching Leadership in Early Childhood Education, 47-60. Hujala, E. &amp; Eskelinen, M. 2013. Leadership Tasks in Early Childhood Education. In E. Hujala, M. Waniganayake &amp; J. Rodd (Eds.) Researching &hellip; <\/p>\n<p class=\"link-more\"><a href=\"https:\/\/www.eevahujala.fi\/?page_id=111\" class=\"more-link\">Jatka lukemista<span class=\"screen-reader-text\"> &#8221;Publications&#8221;<\/span><\/a><\/p>\n","protected":false},"author":1,"featured_media":0,"parent":0,"menu_order":0,"comment_status":"closed","ping_status":"closed","template":"","meta":{"footnotes":""},"class_list":["post-111","page","type-page","status-publish","hentry"],"_links":{"self":[{"href":"https:\/\/www.eevahujala.fi\/index.php?rest_route=\/wp\/v2\/pages\/111","targetHints":{"allow":["GET"]}}],"collection":[{"href":"https:\/\/www.eevahujala.fi\/index.php?rest_route=\/wp\/v2\/pages"}],"about":[{"href":"https:\/\/www.eevahujala.fi\/index.php?rest_route=\/wp\/v2\/types\/page"}],"author":[{"embeddable":true,"href":"https:\/\/www.eevahujala.fi\/index.php?rest_route=\/wp\/v2\/users\/1"}],"replies":[{"embeddable":true,"href":"https:\/\/www.eevahujala.fi\/index.php?rest_route=%2Fwp%2Fv2%2Fcomments&post=111"}],"version-history":[{"count":2,"href":"https:\/\/www.eevahujala.fi\/index.php?rest_route=\/wp\/v2\/pages\/111\/revisions"}],"predecessor-version":[{"id":113,"href":"https:\/\/www.eevahujala.fi\/index.php?rest_route=\/wp\/v2\/pages\/111\/revisions\/113"}],"wp:attachment":[{"href":"https:\/\/www.eevahujala.fi\/index.php?rest_route=%2Fwp%2Fv2%2Fmedia&parent=111"}],"curies":[{"name":"wp","href":"https:\/\/api.w.org\/{rel}","templated":true}]}}