{"id":114,"date":"2020-12-07T16:32:58","date_gmt":"2020-12-07T14:32:58","guid":{"rendered":"http:\/\/www.eevahujala.fi\/?page_id=114"},"modified":"2020-12-07T16:48:26","modified_gmt":"2020-12-07T14:48:26","slug":"career","status":"publish","type":"page","link":"https:\/\/www.eevahujala.fi\/?page_id=114","title":{"rendered":"Career"},"content":{"rendered":"\n<p id=\"block-090bc9cd-b4b4-4c45-a988-8555fa736993\"><a rel=\"noreferrer noopener\" href=\"http:\/\/www.eevahujala.fi\/wp-content\/uploads\/2020\/12\/Eeva_Hujala_CV.pdf\" target=\"_blank\">Download complete CV in pdf-format here<\/a><\/p>\n\n\n\n<p id=\"block-afadf1aa-0aa8-40e7-a052-3dae52dfe2f6\">Academic appointments<br>1974 Assistant Research Worker, University of Jyv\u00e4skyl\u00e4<br>1975-1976 Assistant of Early Education, University of Joensuu<br>1976-1977 Research Worker, University of Joensuu \/ National Board of Social Welfare<br>1977-1984 Assistant \/ Associate Professor of Early Education, University of Joensuu<br>1984-1986 Assistant \/ Associate Professor of Special Education, University of Joensuu<br>1986-1987 Associate Professor of Early Education, University of Joensuu<br>1987-1990 Senior Researcher, University of Joensuu<br>1988 Adjunct Professor of Early Education, University of Joensuu<br>1990-1991 Fulbright scholar \/ Visiting Research Assistant Professor of Psychology, University of Virginia<br>1991-1992 Associate Professor of Educational Psychology, University of Joensuu<br>1992-1995 Senior Researcher, University of Joensuu<br>1992-1995 Head of &#8221;Professional Development&#8221; program, University of Joensuu<br>1993-1996 Associate Professor of Early Childhood Education, University of Oulu<br>1994-1997 Head of &#8221;Early Education PD \u2013program\u201d, University of Oulu<br>1996 Visiting Scholar of Early Childhood Studies, University of Melbourne<br>1996-2004 Professor of Early Education, University of Oulu<br>2000 Visiting Scholar at Children\u2019s Issues Centre, University of Dunedin, New Zealand<br>2000-2001 Senior Researcher, Academy of Finland<br>2005- Professor of Education, special in early childhood, University of Tampere<br>2007-2010 Dean, Faculty of Education, University of Tampere<br>2010-2011 Senior Researcher, Academy of Finland<br>2011-2012 Professorial Fellow, Research Collegium, University of Tampere<\/p>\n\n\n\n<p id=\"block-73e8debd-9f2a-4245-9701-256f0779875b\">Non-academic experiences<br>1969 Nurse in Playgroup, M\u00e4ntyharju<br>1970 Educator in Reform School, Mikkeli<br>1974 Nurse in Psychiatric Hospital for Children; Helsinki<br>1974 Psychologist in Day Care Center, Jyv\u00e4skyl\u00e4<br>1974 Psychologist in Child Health Center, Jyv\u00e4skyl\u00e4<br>1975 Nurse\/Therapist in Psychiatric Hospital for Adults, Jyv\u00e4skyl\u00e4<br>1978-1980 Head of In-Service Training for Preschool Teachers, Joensuu<br>1982-1989 Teaching at Open University, Joensuu<br>1990 Chairman of Early Childhood Education 90 Ltd, Rovaniemi<br>1993-1995 Teaching at Pre-primary Teacher Training College, Oulu<br>1994-1996 Teaching at in-service training institute at the University of Oulu<br>2011-2012 Expert Member of ECD-program planning committee in Mozambique, Finnish Consulting Group<\/p>\n\n\n\n<p id=\"block-a5710360-882c-4091-94ca-664aa6e156d5\"><strong>Consulting activities<\/strong><br>Head of the project &#8221;Co-operation in Day Care&#8221;, Joensuu<br>University of Joensuu \/ National Board of Social Welfare, 1978-1979<br>Scientific leader of the project &#8221;Open Day Care Center Activities&#8221; in Nurmes<br>National Board of Social Welfare, 1980 1982, 1983 1985<br>Member of the National Council for Teacher Education &#8221;Developing MA-degree in Early Education&#8221;, Ministry of Education, 1982 1986.<br>Scientific consult of the project &#8221;Parent Education as a Part of Early Education Programs&#8221;, The National Board of Social Welfare, 1982 1984<br>Scientific consult of the project &#8221;Developing Rural Areas for Children&#8221;, The Ministry of Agriculture 1989 1990<br>Scientific consult of the project &#8221;Developing Quality Day Care for Children&#8221;, The National Board of Social Welfare, 1987 1990<br>Scientific consult in the national committee of &#8221;Curriculum for Music in Early Education&#8221;, Ministry of Education, 1985 1987<br>Scientific leader of project &#8221;TV Education in Schools&#8221;, National Board of Education, 1988 1989<br>Scientific leader of the project &#8221;Developmentally Appropriate Practice in Day Care&#8221;, Paimio Early Childhood Education 90 Ltd, 1989-1990<br>Scientific consult in Commission for Developing Social Welfare Services. Association for Social Welfare in Finland, 1991 1993<br>Member in co operation program of early childhood education research in Nordic Countries Kindergarten teacher union, 1993<br>Head of the program for Professional Development for teachers University of Joensuu, Faculty of Education 1992<br>Head of the In-service training project &#8221;Quality Day Care&#8221; Early Education Ltd, 1993-1994<br>Head of the research project &#8221;Developing Appropriate practises in Day Care&#8221;, Iisalmi Early Childhood Education 90 Ltd, 1994-1995<br>Consult for Developing Professionalism in Early Education Kindergarten Union, 1994-<br>Co-ordinator of the national conference &#8221;Home and school as growth settings&#8221;, Polvij\u00e4rvi, Association of Home Education in Finland, 1993<br>Co-ordinator of the Professional Development of Early Childhood Education, University of Oulu, Faculty of Education 1994-<br>Head of the National Conference of Professional Development, University of Joensuu, 1994<br>Co-ordinator of National Doctor Program for &#8221;Childhood, Early Education and Development&#8221;, Finnish Academy of Science \/ University of Oulu in co-operation with University of Joensuu and University of Jyv\u00e4skyl\u00e4, 1994-1997.<br>Chair of International Conference &#8221;Childhood Education &#8211; International Perspectives&#8221; Oulu, Finland, . University of Oulu \/ Finland Association for Childhood Education International, 1995<br>Head of the project &#8221;Quality of childhood and parent involvement in developing services for children&#8221; STAKES, City of Raahe and Early Education 90 Ltd, 1995-1996<br>Head of inservice training program &#8221;Early Learning&#8221; for preprimary teachers in Tornio. In-service training center in Kajaani, 1995-1996<br>Head of International Leadership Project University of Oulu, University of Plymouth, University of Melbourne, University of Virginia, State Pedagogical University in Petrozavotzk, University of Lapland, University of Tampere, 1996-2001<br>Head of National Accreditation of day care programs -Project University of Oulu, 1997-2000<br>Consultant in Finnish Parliament in developing preschool law and administration, 1998<br>Representative of FACEI in Zurich for providing guidelines for early childhood education, 1999<br>Member of the committee of evaluating and developing early education programs in Finland, Ministry of Social Welfare, 1997-1999<br>Member of Advisary committee for developing early childhood education in pre- and primary schools. National school board, 1999-2001<br>Children\u2019s play \u2013committee member, Ministry of Education, 1999-2001<br>Member of Advisary committee for developing academic social welfare centre, Ministry of Social Affairs and Health, 1999- 2001<br>Member of the executive board of academic social welfare project in North Finland, 2001-2005<br>Member of Advisory board for developing after school programs for children, MML 2003-2005<br>Member of the research board of Welfare Centre, 2003-2005<br>Member of Management board of Welfare centre, Ministry of Social Affairs and Health, 2004-2005<br>Co-ordinator of \u201cGuidelines and Curriculum in Early Childhood Education\u201d \u2013project, 2005<br>Early Childhood Education 90 Ltd<br>Head of International Parent Participation- project, 2004-2008<br>Consulting expert in Early Childhood-network \u2013project, H\u00e4meenlinna-Riihim\u00e4ki region, 2006-2008<br>Head of Leadership and quality in ECE, University of Tampere, 2006-2008<br>Head of Child observation and assessment project, University of Tampere, 2007-2008<br>Member of Quality assessment board of Christian education, Tampere church 2007-2009<br>Head of Leadership and welfare in ECE \u2013project, University of Tampere, 2008-2010<br>Head of \u201cVerkostoista voimaa\u201d \u2013project, University of Tampere, 2010-2012<br>Chair of National Evaluation of Preschool programs in Finland, 2010-2012<br>Chair of \u201cOsaamisella ty\u00f6hyvinvointia varhaiskasvatuksessa\u201d University of Tampere 2012-2014<\/p>\n","protected":false},"excerpt":{"rendered":"<p>Download complete CV in pdf-format here Academic appointments1974 Assistant Research Worker, University of Jyv\u00e4skyl\u00e41975-1976 Assistant of Early Education, University of Joensuu1976-1977 Research Worker, University of Joensuu \/ National Board of Social Welfare1977-1984 Assistant \/ Associate Professor of Early Education, University of Joensuu1984-1986 Assistant \/ Associate Professor of Special Education, University of Joensuu1986-1987 Associate Professor of &hellip; <\/p>\n<p class=\"link-more\"><a href=\"https:\/\/www.eevahujala.fi\/?page_id=114\" class=\"more-link\">Jatka lukemista<span class=\"screen-reader-text\"> &#8221;Career&#8221;<\/span><\/a><\/p>\n","protected":false},"author":1,"featured_media":0,"parent":0,"menu_order":0,"comment_status":"closed","ping_status":"closed","template":"","meta":{"footnotes":""},"class_list":["post-114","page","type-page","status-publish","hentry"],"_links":{"self":[{"href":"https:\/\/www.eevahujala.fi\/index.php?rest_route=\/wp\/v2\/pages\/114","targetHints":{"allow":["GET"]}}],"collection":[{"href":"https:\/\/www.eevahujala.fi\/index.php?rest_route=\/wp\/v2\/pages"}],"about":[{"href":"https:\/\/www.eevahujala.fi\/index.php?rest_route=\/wp\/v2\/types\/page"}],"author":[{"embeddable":true,"href":"https:\/\/www.eevahujala.fi\/index.php?rest_route=\/wp\/v2\/users\/1"}],"replies":[{"embeddable":true,"href":"https:\/\/www.eevahujala.fi\/index.php?rest_route=%2Fwp%2Fv2%2Fcomments&post=114"}],"version-history":[{"count":1,"href":"https:\/\/www.eevahujala.fi\/index.php?rest_route=\/wp\/v2\/pages\/114\/revisions"}],"predecessor-version":[{"id":115,"href":"https:\/\/www.eevahujala.fi\/index.php?rest_route=\/wp\/v2\/pages\/114\/revisions\/115"}],"wp:attachment":[{"href":"https:\/\/www.eevahujala.fi\/index.php?rest_route=%2Fwp%2Fv2%2Fmedia&parent=114"}],"curies":[{"name":"wp","href":"https:\/\/api.w.org\/{rel}","templated":true}]}}